{"id":242916,"date":"2024-01-19T13:03:00","date_gmt":"2024-01-19T12:03:00","guid":{"rendered":"https:\/\/www.openmusicschool.de\/lp\/?page_id=242916"},"modified":"2025-03-05T18:11:42","modified_gmt":"2025-03-05T17:11:42","slug":"schlagzeug-winterangebot","status":"publish","type":"page","link":"https:\/\/www.openmusicschool.de\/lp\/schlagzeug-winterangebot\/","title":{"rendered":"Winterangebot \u2013 Jetzt Schlagzeug lernen!"},"content":{"rendered":"\n<h1>\n\t\tDein Winterangebot\n\t<\/h1>\n<h1>\n\t\t&#8230;mit hei\u00dfen Rhythmen durch die kalte Jahreszeit\n\t<\/h1>\n<h2>\n\t\tSichere dir jetzt dein Winterangebot! Erhalte die Jahresmitgliedschaft bei der erfolgreichsten deutschen Online-Schlagzeugschule f\u00fcr nur 79 \u20ac. Durch unser einmaliges Angebot steht dir die Welt der Musik offen, ohne dass du das Haus verlassen musst. Du kannst bequem von zu Hause aus, endlich deinen Traum vom Schlagzeug lernen erf\u00fcllen.<br \/>\n\t<\/h2>\n\t\t\t\t<img decoding=\"async\" src=\"https:\/\/www.openmusicschool.de\/lp\/wp-content\/uploads\/2025\/02\/FlakeAngebot99.png\" alt=\"FlakeAngebot99\" itemprop=\"image\" height=\"403\" width=\"350\" title=\"FlakeAngebot99\" onerror=\"this.style.display='none'\"  \/>\n\t\t\t<a href=\"https:\/\/www.openmusicschool.de\/membership-checkout\/?pmpro_level=32\" target=\"_self\">\n\t\t\t\t\t\t\tJETZT MITGLIED WERDEN\n\t\t\t\t\t<\/a>\n\t<p>* Angebot g\u00fcltig bis 09.02.2025<\/p>\n\t\t<h3>Welche F\u00e4higkeiten werden vorausgesetzt?<\/h3><p>Ganz gleich, ob du noch nie einen Drumstick gehalten oder schon ein paar Erfahrungen mit Drums gesammelt hast: Wenn du richtig loslegen oder wiedereinsteigen willst, dann bist du bei uns in jedem Fall genau richtig und kannst aus drei Schwierigkeitsgraden w\u00e4hlen.<\/p>\n\t\t\t\t<img decoding=\"async\" src=\"https:\/\/www.openmusicschool.de\/lp\/\/wp-content\/uploads\/2018\/07\/AbilitiesIcon-1.png\" alt=\"AbilitiesIcon\" itemprop=\"image\" title=\"AbilitiesIcon\" onerror=\"this.style.display='none'\"  \/>\n\t\t<h3>Wie lerne ich so unglaublich schnell Schlagzeug spielen?<\/h3><p>Wir zeigen dir in unseren Kursen nicht nur mehrere Kameraperspektiven, sondern jede Trommel und jedes Becken leuchtet bei Ber\u00fchrung farbig auf, sodass du immer genau siehst, wo du als n\u00e4chstes spielen wirst. Dabei erkl\u00e4ren wir dir geduldig und im genau richtigen Lerntempo, was gerade passiert, sodass du mit jeder Sekunde neue Spielfortschritte machst.<\/p>\n\t\t\t\t<img decoding=\"async\" src=\"https:\/\/www.openmusicschool.de\/lp\/\/wp-content\/uploads\/2018\/07\/IconDrums-1.png\" alt=\"IconDrums\" itemprop=\"image\" title=\"IconDrums\" onerror=\"this.style.display='none'\"  \/>\n\t\t\t\t<img decoding=\"async\" src=\"https:\/\/www.openmusicschool.de\/lp\/\/wp-content\/uploads\/2018\/06\/ICONuhr.png\" alt=\"ICONuhr\" itemprop=\"image\" title=\"ICONuhr\" onerror=\"this.style.display='none'\"  \/>\n\t\t<h3>Lerne <strong>wo und wann<\/strong> du willst<\/h3><p>Genie\u00dfe absolute Flexibilit\u00e4t und lerne bequem von Zuhause aus. Unsere Schlagzeugkurse funktionieren auf deinem PC, Laptop, Tablet oder Smartphone.<\/p>\n\t\t<h3>Dich erwarten <strong>spannende<\/strong> Videos in 6 Kategorien:<\/h3>\t\n\t\t<h3>Songs nachspielen<\/h3><p>Die beliebteste Lernmethode besteht im Nachspielen der besten und bekanntesten St\u00fccke aller Zeiten. Und genau diese findest du bei uns. Such dir einfach deinen Lieblingskurs aus und starte vom ersten Tag an erfolgreich durch. Einfacher geht&#8217;s nichts.<\/p>\n\t\t<h3>Kreatives Spiel<\/h3><p>Eine der gr\u00f6\u00dften Freuden auf dem Schlagzeug ist das kreative Spiel. In dieser Kategorie lernst du in einzigartigen Lektionen spannende Grundlagen der Komposition, wie man songdienliche Rhythmen entwickelt, sich geniale Fill-Ins ausdenkt und vieles mehr!<\/p>\n\t\t<h3>Timing<\/h3><p>Das eigene Timing zu trainieren macht richtig Spa\u00df, denn mit jeder Sekunde, die du spielst, wirst du besser und besser. Jeden Tag wirst du neue Erfolgserlebnisse haben und pr\u00e4ziser werden &#8211; deine rhythmische Pr\u00e4zision hilft dir live und im Studio.<\/p>\n\t\t<h3>Spieltechniken<\/h3><p>Techniken sind das Grundger\u00fcst jedes Drumgrooves &#8211; deswegen gibt es f\u00fcr dich\u00a0 inspirierende Video in Theorie und Praxis zu Flames, Doublebass, Wirbel und vielem mehr. Mit diesen einzelnen Techniken perfektionierst du schnell dein Schlagzeugspiel.<\/p>\n\t\t<h3>Stile<\/h3><p>Mit viel Spa\u00df zeigen wir dir in dieser Kategorie was die Spielstile verschiedener Musikrichtungen und bekannter Schlagzeuger ausmacht, damit du noch tiefer in die vielf\u00e4ltige Welt der Musik einsteigen kannst. Lerne alles \u00fcber die coolsten Drum-Styles.<\/p>\n\t\t<h3>Ratgeber<\/h3><p>Die Videos in der Kategorie Basics\u00a0 sind hilfreiche Ratgeber die dich bei deinem Einstieg in die Welt des Schlagzeugs unterst\u00fctzen. Erfahre mehr \u00fcber Schlagzeugtypen, Kaufberatung, die richtige Haltung, n\u00fctzliches Zubeh\u00f6r und vieles mehr.<\/p>\n\t<p><strong>Neue Kurse<\/strong><\/p>\nWir bieten dir unterhaltsame Videos, bei denen du spielerisch deine F\u00e4higkeiten entwickelst. Daf\u00fcr legen wir uns richtig ins Zeug und ver\u00f6ffentlichen regelm\u00e4\u00dfig neue Videos, sodass du aus einem unersch\u00f6pflichen Fundus begeisternder Kurse ausw\u00e4hlen kannst. Wenn du dir einen speziellen Kurs w\u00fcnscht, schreib uns einfach!<br \/>\n\n\n\t<p><strong>Modernes Videokonzept<\/strong><\/p>\nVerschiedene optimal abgestimmte Kameraperspektiven\u00a0helfen dir dabei stets den \u00dcberblick zu behalten. Durch die Top-Down-Sicht und die Drums2Light-Technologie erfasst du intuitiv die Position die gespielten Trommeln. Dar\u00fcber hinaus sorgt eine separate Einstellung auf die Kick-Drum daf\u00fcr, dass dir groove-technisch nichts mehr entgeht.<br \/>\n\n\t<p><strong>Professioneller Lehrer<\/strong><\/p>\nDu bekommst mit Philip Edelmann einen ebenso sympathischen wie erfahrenen Lehrer zur Seite gestellt. Er kennt alle Tricks am Schlagzeug und teilt diese exklusiv mit dir.<br \/>\n\n<h2>\n\t\t<strong>12 Monate Mitgliedschaft<\/strong>\n\t<\/h2>\n\t\t\t\t<img decoding=\"async\" src=\"https:\/\/www.openmusicschool.de\/lp\/wp-content\/uploads\/2025\/02\/FlakeAngebot99.png\" alt=\"FlakeAngebot99\" itemprop=\"image\" height=\"403\" width=\"350\" title=\"FlakeAngebot99\" onerror=\"this.style.display='none'\"  \/>\n\t<h1>Dein Winterangebot:<\/h1>\n<h1>Lerne jetzt dein Trauminstrument.<br \/>\n<\/h1>\n\t\t\t<a href=\"https:\/\/www.openmusicschool.de\/membership-checkout\/?pmpro_level=32\" target=\"_self\">\n\t\t\t\t\t\t\tJETZT MITGLIED WERDEN\n\t\t\t\t\t<\/a>\n\t\t<h3>\t\n\tHunderte Premium-Lernvideos<\/h3>In unserer stetig wachsenden Schatztruhe warten hunderte Premium-Videos auf dich, sodass du immer etwas findest, das dich begeistert.<br \/>\n\n\t\t<h3>\t\n\tGrenzenlose Welt der Musik<\/h3>Wenn du Mitglied bei der OpenMusicSchool wirst, erh\u00e4ltst du nicht nur Zugang zum Keyboard-Bereich mit hunderten Premium-Videos \u00a0&#8211; du erh\u00e4ltst zus\u00e4tzlich auch noch die M\u00f6glichkeit unsere Bereiche Gitarre, Bass, Klavier, Schlagzeug und Ukulele zu nutzen. Die ganze Welt der Musik steht dir offen!<br \/>\n\n\t\t<h3>\t\n\tDidaktisch erprobtes Lernsystem<\/h3>Unser ausgefeiltes, zehntausendfach bew\u00e4hrtes Konzept und unser Lehrplan f\u00fchren dich erfolgreich zu deinem Ziel dein Wunschinstrument zu lernen.<br \/>\n\n\t\t<h3>\t\n\tSchnelles Lernen in jedem Alter<\/h3><p>Die einzelnen Lektionen in unseren Kursen sind kurz, leicht verst\u00e4ndlich und perfekt auf den Punkt. Dein Alter spielt dabei kein Rolle.<\/p>\n\t\t<h3>\t\n\tDie besten Lehrer<\/h3>Bei uns lernst du mit besonders erfahrenen Lehrern, sympathisch &amp; professionell. Du bekommst fachliches Know-How, das du nirgendwo sonst finden kannst.<br \/>\n\n\t\t<h3>\t\n\tSpa\u00df und garantierter Lernerfolg<\/h3><p>Du hast bei uns nicht nur Spa\u00df, sondern machst jeden Tag fantastische Fortschritte. Ansonsten bekommst du 30 Tage dein Geld zur\u00fcck!<\/p>\n\t<p>&nbsp;<\/p>\n<p>*99 \u20ac statt regul\u00e4r 149 \u20ac<\/p>\n\n","protected":false},"excerpt":{"rendered":"<p>Dein Winterangebot &#8230;mit hei\u00dfen Rhythmen durch die kalte Jahreszeit Sichere dir jetzt dein Winterangebot! Erhalte die Jahresmitgliedschaft bei der erfolgreichsten deutschen Online-Schlagzeugschule f\u00fcr nur 79 \u20ac. Durch unser einmaliges Angebot steht dir die Welt der Musik offen, ohne dass du das Haus verlassen musst. Du kannst bequem von zu Hause aus, endlich deinen Traum vom&hellip;<\/p>\n","protected":false},"author":7,"featured_media":0,"parent":0,"menu_order":13,"comment_status":"closed","ping_status":"closed","template":"","meta":{"_acf_changed":false,"footnotes":""},"categories":[6359,6366],"tags":[],"class_list":["post-242916","page","type-page","status-publish","hentry","category-schlagzeug","category-winter"],"acf":[],"yoast_head":"<!-- This site is optimized with the Yoast SEO Premium plugin v21.0 (Yoast SEO v27.3) - https:\/\/yoast.com\/product\/yoast-seo-premium-wordpress\/ -->\n<title>Winterangebot - Online Schlagzeug lernen!<\/title>\n<meta name=\"description\" content=\"Unschlagbare Xmas Angebote der OpenMusicSchool! Lerne jetzt Schlagzeug spielen f\u00fcr nur 79 \u20ac!\" \/>\n<meta name=\"robots\" content=\"noindex, nofollow\" \/>\n<meta property=\"og:locale\" content=\"de_DE\" \/>\n<meta property=\"og:type\" content=\"article\" \/>\n<meta property=\"og:title\" content=\"OpenMusicSchool - Online Musikschule f\u00fcr Klavier, Keyboard, Schlagzeug, Bass und Gitarre\" \/>\n<meta property=\"og:description\" content=\"Die unschlagbaren Black Friday Week Angebote der OpenMusicSchool! Lerne jetzt Gitarre spielen f\u00fcr nur 49 \u20ac!\" \/>\n<meta property=\"og:url\" content=\"https:\/\/www.openmusicschool.de\/lp\/schlagzeug-winterangebot\/\" \/>\n<meta property=\"og:site_name\" content=\"OpenMusicSchool\" \/>\n<meta property=\"article:publisher\" content=\"https:\/\/www.facebook.com\/OpenMusicSchool\/\" \/>\n<meta property=\"article:modified_time\" content=\"2025-03-05T17:11:42+00:00\" \/>\n<meta name=\"twitter:card\" content=\"summary_large_image\" \/>\n<meta name=\"twitter:title\" content=\"OpenMusicSchool - Online Musikschule f\u00fcr Klavier, Keyboard, Schlagzeug, Bass und Gitarre.\" \/>\n<meta name=\"twitter:description\" content=\"Die unschlagbaren Black Friday Week Angebote der OpenMusicSchool! Lerne jetzt Gitarre spielen f\u00fcr nur 49 \u20ac!\" \/>\n<meta name=\"twitter:image\" content=\"https:\/\/www.openmusicschool.de\/lp\/\/wp-content\/uploads\/2016\/12\/startseite-20.jpg\" \/>\n<meta name=\"twitter:site\" content=\"@OpenMusicSchool\" \/>\n<meta name=\"twitter:label1\" content=\"Gesch\u00e4tzte Lesezeit\" \/>\n\t<meta name=\"twitter:data1\" content=\"23\u00a0Minuten\" \/>\n<script type=\"application\/ld+json\" class=\"yoast-schema-graph\">{\"@context\":\"https:\\\/\\\/schema.org\",\"@graph\":[{\"@type\":\"WebPage\",\"@id\":\"https:\\\/\\\/www.openmusicschool.de\\\/lp\\\/schlagzeug-winterangebot\\\/\",\"url\":\"https:\\\/\\\/www.openmusicschool.de\\\/lp\\\/schlagzeug-winterangebot\\\/\",\"name\":\"Winterangebot - Online Schlagzeug lernen!\",\"isPartOf\":{\"@id\":\"https:\\\/\\\/www.openmusicschool.de\\\/lp\\\/#website\"},\"primaryImageOfPage\":{\"@id\":\"https:\\\/\\\/www.openmusicschool.de\\\/lp\\\/schlagzeug-winterangebot\\\/#primaryimage\"},\"image\":{\"@id\":\"https:\\\/\\\/www.openmusicschool.de\\\/lp\\\/schlagzeug-winterangebot\\\/#primaryimage\"},\"thumbnailUrl\":\"https:\\\/\\\/www.openmusicschool.de\\\/lp\\\/wp-content\\\/uploads\\\/2025\\\/02\\\/FlakeAngebot99.png\",\"description\":\"Unschlagbare Xmas Angebote der OpenMusicSchool! Lerne jetzt Schlagzeug spielen f\u00fcr nur 79 \u20ac!\",\"breadcrumb\":{\"@id\":\"https:\\\/\\\/www.openmusicschool.de\\\/lp\\\/schlagzeug-winterangebot\\\/#breadcrumb\"},\"inLanguage\":\"de\",\"potentialAction\":[{\"@type\":\"ReadAction\",\"target\":[\"https:\\\/\\\/www.openmusicschool.de\\\/lp\\\/schlagzeug-winterangebot\\\/\"]}]},{\"@type\":\"ImageObject\",\"inLanguage\":\"de\",\"@id\":\"https:\\\/\\\/www.openmusicschool.de\\\/lp\\\/schlagzeug-winterangebot\\\/#primaryimage\",\"url\":\"https:\\\/\\\/www.openmusicschool.de\\\/lp\\\/wp-content\\\/uploads\\\/2025\\\/02\\\/FlakeAngebot99.png\",\"contentUrl\":\"https:\\\/\\\/www.openmusicschool.de\\\/lp\\\/wp-content\\\/uploads\\\/2025\\\/02\\\/FlakeAngebot99.png\",\"width\":350,\"height\":403},{\"@type\":\"BreadcrumbList\",\"@id\":\"https:\\\/\\\/www.openmusicschool.de\\\/lp\\\/schlagzeug-winterangebot\\\/#breadcrumb\",\"itemListElement\":[{\"@type\":\"ListItem\",\"position\":1,\"name\":\"Startseite\",\"item\":\"https:\\\/\\\/www.openmusicschool.de\\\/lp\\\/\"},{\"@type\":\"ListItem\",\"position\":2,\"name\":\"Winterangebot \u2013 Jetzt Schlagzeug lernen!\"}]},{\"@type\":\"WebSite\",\"@id\":\"https:\\\/\\\/www.openmusicschool.de\\\/lp\\\/#website\",\"url\":\"https:\\\/\\\/www.openmusicschool.de\\\/lp\\\/\",\"name\":\"OpenMusicSchool\",\"description\":\"\u00dcber 3.000 online Videos f\u00fcr Anf\u00e4nger. Klavier lernen, Keyboard lernen, Schlagzeug lernen, Bass lernen, Gitarre lernen, Ukulele lernen..\",\"publisher\":{\"@id\":\"https:\\\/\\\/www.openmusicschool.de\\\/lp\\\/#organization\"},\"potentialAction\":[{\"@type\":\"SearchAction\",\"target\":{\"@type\":\"EntryPoint\",\"urlTemplate\":\"https:\\\/\\\/www.openmusicschool.de\\\/lp\\\/?s={search_term_string}\"},\"query-input\":{\"@type\":\"PropertyValueSpecification\",\"valueRequired\":true,\"valueName\":\"search_term_string\"}}],\"inLanguage\":\"de\"},{\"@type\":\"Organization\",\"@id\":\"https:\\\/\\\/www.openmusicschool.de\\\/lp\\\/#organization\",\"name\":\"OpenMusicSchool\",\"url\":\"https:\\\/\\\/www.openmusicschool.de\\\/lp\\\/\",\"logo\":{\"@type\":\"ImageObject\",\"inLanguage\":\"de\",\"@id\":\"https:\\\/\\\/www.openmusicschool.de\\\/lp\\\/#\\\/schema\\\/logo\\\/image\\\/\",\"url\":\"https:\\\/\\\/www.openmusicschool.de\\\/lp\\\/wp-content\\\/uploads\\\/2017\\\/06\\\/logo.png\",\"contentUrl\":\"https:\\\/\\\/www.openmusicschool.de\\\/lp\\\/wp-content\\\/uploads\\\/2017\\\/06\\\/logo.png\",\"width\":228,\"height\":50,\"caption\":\"OpenMusicSchool\"},\"image\":{\"@id\":\"https:\\\/\\\/www.openmusicschool.de\\\/lp\\\/#\\\/schema\\\/logo\\\/image\\\/\"},\"sameAs\":[\"https:\\\/\\\/www.facebook.com\\\/OpenMusicSchool\\\/\",\"https:\\\/\\\/x.com\\\/OpenMusicSchool\"]}]}<\/script>\n<!-- \/ Yoast SEO Premium plugin. -->","yoast_head_json":{"title":"Winterangebot - Online Schlagzeug lernen!","description":"Unschlagbare Xmas Angebote der OpenMusicSchool! Lerne jetzt Schlagzeug spielen f\u00fcr nur 79 \u20ac!","robots":{"index":"noindex","follow":"nofollow"},"og_locale":"de_DE","og_type":"article","og_title":"OpenMusicSchool - Online Musikschule f\u00fcr Klavier, Keyboard, Schlagzeug, Bass und Gitarre","og_description":"Die unschlagbaren Black Friday Week Angebote der OpenMusicSchool! Lerne jetzt Gitarre spielen f\u00fcr nur 49 \u20ac!","og_url":"https:\/\/www.openmusicschool.de\/lp\/schlagzeug-winterangebot\/","og_site_name":"OpenMusicSchool","article_publisher":"https:\/\/www.facebook.com\/OpenMusicSchool\/","article_modified_time":"2025-03-05T17:11:42+00:00","twitter_card":"summary_large_image","twitter_title":"OpenMusicSchool - Online Musikschule f\u00fcr Klavier, Keyboard, Schlagzeug, Bass und Gitarre.","twitter_description":"Die unschlagbaren Black Friday Week Angebote der OpenMusicSchool! Lerne jetzt Gitarre spielen f\u00fcr nur 49 \u20ac!","twitter_image":"https:\/\/www.openmusicschool.de\/lp\/\/wp-content\/uploads\/2016\/12\/startseite-20.jpg","twitter_site":"@OpenMusicSchool","twitter_misc":{"Gesch\u00e4tzte Lesezeit":"23\u00a0Minuten"},"schema":{"@context":"https:\/\/schema.org","@graph":[{"@type":"WebPage","@id":"https:\/\/www.openmusicschool.de\/lp\/schlagzeug-winterangebot\/","url":"https:\/\/www.openmusicschool.de\/lp\/schlagzeug-winterangebot\/","name":"Winterangebot - Online Schlagzeug lernen!","isPartOf":{"@id":"https:\/\/www.openmusicschool.de\/lp\/#website"},"primaryImageOfPage":{"@id":"https:\/\/www.openmusicschool.de\/lp\/schlagzeug-winterangebot\/#primaryimage"},"image":{"@id":"https:\/\/www.openmusicschool.de\/lp\/schlagzeug-winterangebot\/#primaryimage"},"thumbnailUrl":"https:\/\/www.openmusicschool.de\/lp\/wp-content\/uploads\/2025\/02\/FlakeAngebot99.png","description":"Unschlagbare Xmas Angebote der OpenMusicSchool! Lerne jetzt Schlagzeug spielen f\u00fcr nur 79 \u20ac!","breadcrumb":{"@id":"https:\/\/www.openmusicschool.de\/lp\/schlagzeug-winterangebot\/#breadcrumb"},"inLanguage":"de","potentialAction":[{"@type":"ReadAction","target":["https:\/\/www.openmusicschool.de\/lp\/schlagzeug-winterangebot\/"]}]},{"@type":"ImageObject","inLanguage":"de","@id":"https:\/\/www.openmusicschool.de\/lp\/schlagzeug-winterangebot\/#primaryimage","url":"https:\/\/www.openmusicschool.de\/lp\/wp-content\/uploads\/2025\/02\/FlakeAngebot99.png","contentUrl":"https:\/\/www.openmusicschool.de\/lp\/wp-content\/uploads\/2025\/02\/FlakeAngebot99.png","width":350,"height":403},{"@type":"BreadcrumbList","@id":"https:\/\/www.openmusicschool.de\/lp\/schlagzeug-winterangebot\/#breadcrumb","itemListElement":[{"@type":"ListItem","position":1,"name":"Startseite","item":"https:\/\/www.openmusicschool.de\/lp\/"},{"@type":"ListItem","position":2,"name":"Winterangebot \u2013 Jetzt Schlagzeug lernen!"}]},{"@type":"WebSite","@id":"https:\/\/www.openmusicschool.de\/lp\/#website","url":"https:\/\/www.openmusicschool.de\/lp\/","name":"OpenMusicSchool","description":"\u00dcber 3.000 online Videos f\u00fcr Anf\u00e4nger. Klavier lernen, Keyboard lernen, Schlagzeug lernen, Bass lernen, Gitarre lernen, Ukulele lernen..","publisher":{"@id":"https:\/\/www.openmusicschool.de\/lp\/#organization"},"potentialAction":[{"@type":"SearchAction","target":{"@type":"EntryPoint","urlTemplate":"https:\/\/www.openmusicschool.de\/lp\/?s={search_term_string}"},"query-input":{"@type":"PropertyValueSpecification","valueRequired":true,"valueName":"search_term_string"}}],"inLanguage":"de"},{"@type":"Organization","@id":"https:\/\/www.openmusicschool.de\/lp\/#organization","name":"OpenMusicSchool","url":"https:\/\/www.openmusicschool.de\/lp\/","logo":{"@type":"ImageObject","inLanguage":"de","@id":"https:\/\/www.openmusicschool.de\/lp\/#\/schema\/logo\/image\/","url":"https:\/\/www.openmusicschool.de\/lp\/wp-content\/uploads\/2017\/06\/logo.png","contentUrl":"https:\/\/www.openmusicschool.de\/lp\/wp-content\/uploads\/2017\/06\/logo.png","width":228,"height":50,"caption":"OpenMusicSchool"},"image":{"@id":"https:\/\/www.openmusicschool.de\/lp\/#\/schema\/logo\/image\/"},"sameAs":["https:\/\/www.facebook.com\/OpenMusicSchool\/","https:\/\/x.com\/OpenMusicSchool"]}]}},"_links":{"self":[{"href":"https:\/\/www.openmusicschool.de\/lp\/wp-json\/wp\/v2\/pages\/242916","targetHints":{"allow":["GET"]}}],"collection":[{"href":"https:\/\/www.openmusicschool.de\/lp\/wp-json\/wp\/v2\/pages"}],"about":[{"href":"https:\/\/www.openmusicschool.de\/lp\/wp-json\/wp\/v2\/types\/page"}],"author":[{"embeddable":true,"href":"https:\/\/www.openmusicschool.de\/lp\/wp-json\/wp\/v2\/users\/7"}],"replies":[{"embeddable":true,"href":"https:\/\/www.openmusicschool.de\/lp\/wp-json\/wp\/v2\/comments?post=242916"}],"version-history":[{"count":0,"href":"https:\/\/www.openmusicschool.de\/lp\/wp-json\/wp\/v2\/pages\/242916\/revisions"}],"wp:attachment":[{"href":"https:\/\/www.openmusicschool.de\/lp\/wp-json\/wp\/v2\/media?parent=242916"}],"wp:term":[{"taxonomy":"category","embeddable":true,"href":"https:\/\/www.openmusicschool.de\/lp\/wp-json\/wp\/v2\/categories?post=242916"},{"taxonomy":"post_tag","embeddable":true,"href":"https:\/\/www.openmusicschool.de\/lp\/wp-json\/wp\/v2\/tags?post=242916"}],"curies":[{"name":"wp","href":"https:\/\/api.w.org\/{rel}","templated":true}]}}