{"id":242895,"date":"2024-01-18T13:49:07","date_gmt":"2024-01-18T12:49:07","guid":{"rendered":"https:\/\/www.openmusicschool.de\/lp\/?page_id=242895"},"modified":"2025-02-17T17:16:22","modified_gmt":"2025-02-17T16:16:22","slug":"ukulele-winterangebot","status":"publish","type":"page","link":"https:\/\/www.openmusicschool.de\/lp\/ukulele-winterangebot\/","title":{"rendered":"Winterangebot \u2013 Jetzt Ukulele lernen!"},"content":{"rendered":"\n\n\t\t\t\t<img decoding=\"async\" src=\"https:\/\/www.openmusicschool.de\/lp\/wp-content\/uploads\/2025\/02\/FlakeAngebot99.png\" alt=\"FlakeAngebot99\" itemprop=\"image\" height=\"403\" width=\"350\" title=\"FlakeAngebot99\" onerror=\"this.style.display='none'\"  \/>\n<h1>\n\t\tDein Winterangebot\n\t<\/h1>\n<h1>\n\t\t&#8230;mit Ukulele-Magie durch die kalte Jahreszeit\n\t<\/h1>\n<h2>\n\t\tSichere dir jetzt dein Winterangebot! Erhalte die Jahresmitgliedschaft bei der erfolgreichsten deutschen Online-Ukulele-Schule f\u00fcr nur 99 \u20ac. Durch unser einmaliges Angebot steht dir die Welt der Musik offen, ohne dass du das Haus verlassen musst. Du kannst bequem von zu Hause aus, endlich deinen Traum vom Ukulele lernen erf\u00fcllen.<br \/>\n\t<\/h2>\n\t\t\t<a href=\"https:\/\/www.openmusicschool.de\/membership-checkout\/?pmpro_level=28\" target=\"_self\">\n\t\t\t\t\t\t\tJETZT MITGLIED WERDEN\n\t\t\t\t\t<\/a>\n\t\t<h3>Welche F\u00e4higkeiten werden vorausgesetzt?<\/h3><p>Ganz gleich, ob du noch nie eine Saite angezupft oder schon ein paar Erfahrungen mit der Ukulele gesammelt hast: Wenn du richtig loslegen oder wiedereinsteigen willst, dann bist du bei uns in jedem Fall genau richtig und kannst aus drei Schwierigkeitsgraden w\u00e4hlen.<\/p>\n\t\t\t\t<img decoding=\"async\" src=\"https:\/\/www.openmusicschool.de\/lp\/\/wp-content\/uploads\/2018\/07\/AbilitiesIcon-1.png\" alt=\"AbilitiesIcon\" itemprop=\"image\" title=\"AbilitiesIcon\" onerror=\"this.style.display='none'\"  \/>\n\t\t<h3>Wie lerne ich so unglaublich schnell Ukulele spielen?<\/h3><p>Wir zeigen dir in den Kursen alles aus unterschiedlichen Kameraperspektiven, sodass du immer genau siehst, welchen Ton du als n\u00e4chsten greifen wirst. Dabei erkl\u00e4ren wir dir geduldig und im genau richtigen Lerntempo, was gerade passiert &#8211; so machst du in jeder Sekunde neue Spielfortschritte.<\/p>\n\t\t\t\t<img decoding=\"async\" src=\"https:\/\/www.openmusicschool.de\/lp\/\/wp-content\/uploads\/2019\/03\/ukulele-png.png\" alt=\"ukulele-png\" itemprop=\"image\" title=\"ukulele-png\" onerror=\"this.style.display='none'\"  \/>\n\t\t<h3>Muss ich Noten lesen k\u00f6nnen?<\/h3><p>Nein. Wir geben dir zwar als zus\u00e4tzliche Orientierung zu vielen Kursen vollst\u00e4ndige, hochwertige Noten und Tabs zum Downloaden und Ausdrucken. Aber unsere Videos sind so aufgebaut, dass du nur durch das was du siehst und h\u00f6rst, ganz leicht mitmachen kannst. Du machst direkt und ohne Umwege Musik und hast Spa\u00df!<\/p>\n\t\t\t\t<img decoding=\"async\" src=\"https:\/\/www.openmusicschool.de\/lp\/\/wp-content\/uploads\/2018\/07\/NotenIcon-3.png\" alt=\"NotenIcon\" itemprop=\"image\" title=\"NotenIcon\" onerror=\"this.style.display='none'\"  \/>\n\t\t<h3>Zu welchen Zeiten kann ich die Lernvideos nutzen?<\/h3><p>Du m\u00f6chtest gerne morgens um 8 Uhr Ukulele spielen? Oder nachmittags? Oder mitten in der Nacht? Unsere Videos stehen dir ganz flexibel zu jeder Tages- und Nachtzeit geduldig zur Verf\u00fcgung. Wir richten uns nach dir. Und nicht umgekehrt.<\/p>\n\t\t\t\t<img decoding=\"async\" src=\"https:\/\/www.openmusicschool.de\/lp\/\/wp-content\/uploads\/2018\/06\/ICONuhr.png\" alt=\"ICONuhr\" itemprop=\"image\" title=\"ICONuhr\" onerror=\"this.style.display='none'\"  \/>\n\t<p><strong>Neue Kurse<\/strong><\/p>\nWir bieten dir unterhaltsame Videos, bei denen du spielerisch deine F\u00e4higkeiten entwickelst. Daf\u00fcr legen wir uns richtig ins Zeug und ver\u00f6ffentlichen regelm\u00e4\u00dfig neue Videos, sodass du aus einem unersch\u00f6pflichen Fundus begeisternder Kurse ausw\u00e4hlen kannst. Wenn du dir einen speziellen Kurs w\u00fcnscht, schreib uns einfach!<br \/>\n\n\n\t<p><strong>Modernes Videokonzept<\/strong><\/p>\nVerschiedene optimal abgestimmte Kameraperspektiven\u00a0helfen dir dabei stets den \u00dcberblick zu behalten. Durch eine einzigartige Spielersicht erfasst du intuitiv die Position der Greifhand und siehst genau was die Schlaghand macht. Ansprechende Einblendungen von Akkorden, Tabs und Rhythmen runden das Konzept ab, sodass dir nichts mehr entgeht.<br \/>\n\n\t<p><strong>Professioneller Lehrer<\/strong><\/p>\n<p>Du bekommst mit Benjamin Cross einen ebenso sympathischen wie erfahrenen Lehrer, B\u00fchnen- und Studiomusiker zur Seite gestellt, dessen Songs schon in den Charts waren. Er kennt alle Tricks an der Ukulele und teilt sie exklusiv mit dir. Ben singt auch f\u00fcr dich &#8211; so kannst du dir das Zusammenspiel aus Begleitung und Melodie noch besser vorstellen.<\/p>\n<h2>\n\t\t<strong>12 Monate Mitgliedschaft<\/strong>\n\t<\/h2>\n\t\t\t\t<img decoding=\"async\" src=\"https:\/\/www.openmusicschool.de\/lp\/wp-content\/uploads\/2025\/02\/FlakeAngebot99.png\" alt=\"FlakeAngebot99\" itemprop=\"image\" height=\"403\" width=\"350\" title=\"FlakeAngebot99\" onerror=\"this.style.display='none'\"  \/>\n<h1>\n\t\tDein Winterangebot\n\t<\/h1>\n<h1>\n\t\tEndlich Ukulele lernen.\n\t<\/h1>\n\t\t\t<a href=\"https:\/\/www.openmusicschool.de\/membership-checkout\/?pmpro_level=28\" target=\"_self\">\n\t\t\t\t\t\t\tJETZT MITGLIED WERDEN\n\t\t\t\t\t<\/a>\n\t\t<h3>\t\n\tHunderte Premium-Lernvideos<\/h3>In unserer stetig wachsenden Schatztruhe warten hunderte Premium-Videos auf dich, sodass du immer etwas findest, das dich begeistert.<br \/>\n\n\t\t<h3>\t\n\tGrenzenlose Welt der Musik<\/h3>Wenn du Mitglied bei der OpenMusicSchool wirst, erh\u00e4ltst du nicht nur Zugang zum Ukulele-Bereich mit hunderten Premium-Videos \u00a0&#8211; du erh\u00e4ltst zus\u00e4tzlich auch noch die M\u00f6glichkeit unsere Bereiche Gitarre, Keyboard, Klavier, Schlagzeug und Ukulele zu nutzen. Die ganze Welt der Musik steht dir offen!<br \/>\n\n\t\t<h3>\t\n\tDidaktisch erprobtes Lernsystem<\/h3>Unser ausgefeiltes, zehntausendfach bew\u00e4hrtes Konzept und unser Lehrplan f\u00fchren dich erfolgreich zu deinem Ziel dein Wunschinstrument zu lernen.<br \/>\n\n\t\t<h3>\t\n\tSchnelles Lernen in jedem Alter<\/h3><p>Die einzelnen Lektionen in unseren Kursen sind kurz, leicht verst\u00e4ndlich und perfekt auf den Punkt. Dein Alter spielt dabei kein Rolle.<\/p>\n\t\t<h3>\t\n\tDie besten Lehrer<\/h3>Bei uns lernst du mit besonders erfahrenen Lehrern, sympathisch &amp; professionell. Du bekommst fachliches Know-How, das du nirgendwo sonst finden kannst.<br \/>\n\n\t\t<h3>\t\n\tSpa\u00df und garantierter Lernerfolg<\/h3><p>Du hast bei uns nicht nur Spa\u00df, sondern machst jeden Tag fantastische Fortschritte. Ansonsten bekommst du 30 Tage dein Geld zur\u00fcck!<\/p>\n\t<p>&nbsp;<\/p>\n<p>*79 \u20ac statt regul\u00e4r 149 \u20ac; 20% gegen\u00fcber bisherigem Aktionspreis in H\u00f6he von 99 \u20ac<\/p>\n\n","protected":false},"excerpt":{"rendered":"<p>Dein Winterangebot &#8230;mit Ukulele-Magie durch die kalte Jahreszeit Sichere dir jetzt dein Winterangebot! Erhalte die Jahresmitgliedschaft bei der erfolgreichsten deutschen Online-Ukulele-Schule f\u00fcr nur 99 \u20ac. Durch unser einmaliges Angebot steht dir die Welt der Musik offen, ohne dass du das Haus verlassen musst. Du kannst bequem von zu Hause aus, endlich deinen Traum vom Ukulele&hellip;<\/p>\n","protected":false},"author":7,"featured_media":0,"parent":0,"menu_order":13,"comment_status":"closed","ping_status":"closed","template":"","meta":{"_acf_changed":false,"footnotes":""},"categories":[6358,6366],"tags":[],"class_list":["post-242895","page","type-page","status-publish","hentry","category-ukulele","category-winter"],"acf":[],"yoast_head":"<!-- This site is optimized with the Yoast SEO Premium plugin v21.0 (Yoast SEO v27.4) - https:\/\/yoast.com\/product\/yoast-seo-premium-wordpress\/ -->\n<title>Xmas-Deal - Online Ukulele lernen!<\/title>\n<meta name=\"description\" content=\"Die unschlagbaren Xmas Angebote der OpenMusicSchool! Lerne jetzt Ukulele spielen f\u00fcr nur 79 \u20ac!\" \/>\n<meta name=\"robots\" content=\"noindex, nofollow\" \/>\n<meta property=\"og:locale\" content=\"de_DE\" \/>\n<meta property=\"og:type\" content=\"article\" \/>\n<meta property=\"og:title\" content=\"OpenMusicSchool - Online Musikschule f\u00fcr Klavier, Keyboard, Schlagzeug, Bass und Gitarre\" \/>\n<meta property=\"og:description\" content=\"Die unschlagbaren Black Friday Week Angebote der OpenMusicSchool! Lerne jetzt Gitarre spielen f\u00fcr nur 49 \u20ac!\" \/>\n<meta property=\"og:url\" content=\"https:\/\/www.openmusicschool.de\/lp\/ukulele-winterangebot\/\" \/>\n<meta property=\"og:site_name\" content=\"OpenMusicSchool\" \/>\n<meta property=\"article:publisher\" content=\"https:\/\/www.facebook.com\/OpenMusicSchool\/\" \/>\n<meta property=\"article:modified_time\" content=\"2025-02-17T16:16:22+00:00\" \/>\n<meta name=\"twitter:card\" content=\"summary_large_image\" \/>\n<meta name=\"twitter:title\" content=\"OpenMusicSchool - Online Musikschule f\u00fcr Klavier, Keyboard, Schlagzeug, Bass und Gitarre.\" \/>\n<meta name=\"twitter:description\" content=\"Die unschlagbaren Black Friday Week Angebote der OpenMusicSchool! Lerne jetzt Gitarre spielen f\u00fcr nur 49 \u20ac!\" \/>\n<meta name=\"twitter:image\" content=\"https:\/\/www.openmusicschool.de\/lp\/\/wp-content\/uploads\/2016\/12\/startseite-20.jpg\" \/>\n<meta name=\"twitter:site\" content=\"@OpenMusicSchool\" \/>\n<meta name=\"twitter:label1\" content=\"Gesch\u00e4tzte Lesezeit\" \/>\n\t<meta name=\"twitter:data1\" content=\"3\u00a0Minuten\" \/>\n<script type=\"application\/ld+json\" class=\"yoast-schema-graph\">{\"@context\":\"https:\\\/\\\/schema.org\",\"@graph\":[{\"@type\":\"WebPage\",\"@id\":\"https:\\\/\\\/www.openmusicschool.de\\\/lp\\\/ukulele-winterangebot\\\/\",\"url\":\"https:\\\/\\\/www.openmusicschool.de\\\/lp\\\/ukulele-winterangebot\\\/\",\"name\":\"Xmas-Deal - Online Ukulele lernen!\",\"isPartOf\":{\"@id\":\"https:\\\/\\\/www.openmusicschool.de\\\/lp\\\/#website\"},\"primaryImageOfPage\":{\"@id\":\"https:\\\/\\\/www.openmusicschool.de\\\/lp\\\/ukulele-winterangebot\\\/#primaryimage\"},\"image\":{\"@id\":\"https:\\\/\\\/www.openmusicschool.de\\\/lp\\\/ukulele-winterangebot\\\/#primaryimage\"},\"thumbnailUrl\":\"https:\\\/\\\/www.openmusicschool.de\\\/lp\\\/wp-content\\\/uploads\\\/2025\\\/02\\\/FlakeAngebot99.png\",\"description\":\"Die unschlagbaren Xmas Angebote der OpenMusicSchool! Lerne jetzt Ukulele spielen f\u00fcr nur 79 \u20ac!\",\"breadcrumb\":{\"@id\":\"https:\\\/\\\/www.openmusicschool.de\\\/lp\\\/ukulele-winterangebot\\\/#breadcrumb\"},\"inLanguage\":\"de\",\"potentialAction\":[{\"@type\":\"ReadAction\",\"target\":[\"https:\\\/\\\/www.openmusicschool.de\\\/lp\\\/ukulele-winterangebot\\\/\"]}]},{\"@type\":\"ImageObject\",\"inLanguage\":\"de\",\"@id\":\"https:\\\/\\\/www.openmusicschool.de\\\/lp\\\/ukulele-winterangebot\\\/#primaryimage\",\"url\":\"https:\\\/\\\/www.openmusicschool.de\\\/lp\\\/wp-content\\\/uploads\\\/2025\\\/02\\\/FlakeAngebot99.png\",\"contentUrl\":\"https:\\\/\\\/www.openmusicschool.de\\\/lp\\\/wp-content\\\/uploads\\\/2025\\\/02\\\/FlakeAngebot99.png\",\"width\":350,\"height\":403},{\"@type\":\"BreadcrumbList\",\"@id\":\"https:\\\/\\\/www.openmusicschool.de\\\/lp\\\/ukulele-winterangebot\\\/#breadcrumb\",\"itemListElement\":[{\"@type\":\"ListItem\",\"position\":1,\"name\":\"Startseite\",\"item\":\"https:\\\/\\\/www.openmusicschool.de\\\/lp\\\/\"},{\"@type\":\"ListItem\",\"position\":2,\"name\":\"Winterangebot \u2013 Jetzt Ukulele lernen!\"}]},{\"@type\":\"WebSite\",\"@id\":\"https:\\\/\\\/www.openmusicschool.de\\\/lp\\\/#website\",\"url\":\"https:\\\/\\\/www.openmusicschool.de\\\/lp\\\/\",\"name\":\"OpenMusicSchool\",\"description\":\"\u00dcber 3.000 online Videos f\u00fcr Anf\u00e4nger. Klavier lernen, Keyboard lernen, Schlagzeug lernen, Bass lernen, Gitarre lernen, Ukulele lernen..\",\"publisher\":{\"@id\":\"https:\\\/\\\/www.openmusicschool.de\\\/lp\\\/#organization\"},\"potentialAction\":[{\"@type\":\"SearchAction\",\"target\":{\"@type\":\"EntryPoint\",\"urlTemplate\":\"https:\\\/\\\/www.openmusicschool.de\\\/lp\\\/?s={search_term_string}\"},\"query-input\":{\"@type\":\"PropertyValueSpecification\",\"valueRequired\":true,\"valueName\":\"search_term_string\"}}],\"inLanguage\":\"de\"},{\"@type\":\"Organization\",\"@id\":\"https:\\\/\\\/www.openmusicschool.de\\\/lp\\\/#organization\",\"name\":\"OpenMusicSchool\",\"url\":\"https:\\\/\\\/www.openmusicschool.de\\\/lp\\\/\",\"logo\":{\"@type\":\"ImageObject\",\"inLanguage\":\"de\",\"@id\":\"https:\\\/\\\/www.openmusicschool.de\\\/lp\\\/#\\\/schema\\\/logo\\\/image\\\/\",\"url\":\"https:\\\/\\\/www.openmusicschool.de\\\/lp\\\/wp-content\\\/uploads\\\/2017\\\/06\\\/logo.png\",\"contentUrl\":\"https:\\\/\\\/www.openmusicschool.de\\\/lp\\\/wp-content\\\/uploads\\\/2017\\\/06\\\/logo.png\",\"width\":228,\"height\":50,\"caption\":\"OpenMusicSchool\"},\"image\":{\"@id\":\"https:\\\/\\\/www.openmusicschool.de\\\/lp\\\/#\\\/schema\\\/logo\\\/image\\\/\"},\"sameAs\":[\"https:\\\/\\\/www.facebook.com\\\/OpenMusicSchool\\\/\",\"https:\\\/\\\/x.com\\\/OpenMusicSchool\"]}]}<\/script>\n<!-- \/ Yoast SEO Premium plugin. -->","yoast_head_json":{"title":"Xmas-Deal - Online Ukulele lernen!","description":"Die unschlagbaren Xmas Angebote der OpenMusicSchool! Lerne jetzt Ukulele spielen f\u00fcr nur 79 \u20ac!","robots":{"index":"noindex","follow":"nofollow"},"og_locale":"de_DE","og_type":"article","og_title":"OpenMusicSchool - Online Musikschule f\u00fcr Klavier, Keyboard, Schlagzeug, Bass und Gitarre","og_description":"Die unschlagbaren Black Friday Week Angebote der OpenMusicSchool! Lerne jetzt Gitarre spielen f\u00fcr nur 49 \u20ac!","og_url":"https:\/\/www.openmusicschool.de\/lp\/ukulele-winterangebot\/","og_site_name":"OpenMusicSchool","article_publisher":"https:\/\/www.facebook.com\/OpenMusicSchool\/","article_modified_time":"2025-02-17T16:16:22+00:00","twitter_card":"summary_large_image","twitter_title":"OpenMusicSchool - Online Musikschule f\u00fcr Klavier, Keyboard, Schlagzeug, Bass und Gitarre.","twitter_description":"Die unschlagbaren Black Friday Week Angebote der OpenMusicSchool! Lerne jetzt Gitarre spielen f\u00fcr nur 49 \u20ac!","twitter_image":"https:\/\/www.openmusicschool.de\/lp\/\/wp-content\/uploads\/2016\/12\/startseite-20.jpg","twitter_site":"@OpenMusicSchool","twitter_misc":{"Gesch\u00e4tzte Lesezeit":"3\u00a0Minuten"},"schema":{"@context":"https:\/\/schema.org","@graph":[{"@type":"WebPage","@id":"https:\/\/www.openmusicschool.de\/lp\/ukulele-winterangebot\/","url":"https:\/\/www.openmusicschool.de\/lp\/ukulele-winterangebot\/","name":"Xmas-Deal - Online Ukulele lernen!","isPartOf":{"@id":"https:\/\/www.openmusicschool.de\/lp\/#website"},"primaryImageOfPage":{"@id":"https:\/\/www.openmusicschool.de\/lp\/ukulele-winterangebot\/#primaryimage"},"image":{"@id":"https:\/\/www.openmusicschool.de\/lp\/ukulele-winterangebot\/#primaryimage"},"thumbnailUrl":"https:\/\/www.openmusicschool.de\/lp\/wp-content\/uploads\/2025\/02\/FlakeAngebot99.png","description":"Die unschlagbaren Xmas Angebote der OpenMusicSchool! Lerne jetzt Ukulele spielen f\u00fcr nur 79 \u20ac!","breadcrumb":{"@id":"https:\/\/www.openmusicschool.de\/lp\/ukulele-winterangebot\/#breadcrumb"},"inLanguage":"de","potentialAction":[{"@type":"ReadAction","target":["https:\/\/www.openmusicschool.de\/lp\/ukulele-winterangebot\/"]}]},{"@type":"ImageObject","inLanguage":"de","@id":"https:\/\/www.openmusicschool.de\/lp\/ukulele-winterangebot\/#primaryimage","url":"https:\/\/www.openmusicschool.de\/lp\/wp-content\/uploads\/2025\/02\/FlakeAngebot99.png","contentUrl":"https:\/\/www.openmusicschool.de\/lp\/wp-content\/uploads\/2025\/02\/FlakeAngebot99.png","width":350,"height":403},{"@type":"BreadcrumbList","@id":"https:\/\/www.openmusicschool.de\/lp\/ukulele-winterangebot\/#breadcrumb","itemListElement":[{"@type":"ListItem","position":1,"name":"Startseite","item":"https:\/\/www.openmusicschool.de\/lp\/"},{"@type":"ListItem","position":2,"name":"Winterangebot \u2013 Jetzt Ukulele lernen!"}]},{"@type":"WebSite","@id":"https:\/\/www.openmusicschool.de\/lp\/#website","url":"https:\/\/www.openmusicschool.de\/lp\/","name":"OpenMusicSchool","description":"\u00dcber 3.000 online Videos f\u00fcr Anf\u00e4nger. Klavier lernen, Keyboard lernen, Schlagzeug lernen, Bass lernen, Gitarre lernen, Ukulele lernen..","publisher":{"@id":"https:\/\/www.openmusicschool.de\/lp\/#organization"},"potentialAction":[{"@type":"SearchAction","target":{"@type":"EntryPoint","urlTemplate":"https:\/\/www.openmusicschool.de\/lp\/?s={search_term_string}"},"query-input":{"@type":"PropertyValueSpecification","valueRequired":true,"valueName":"search_term_string"}}],"inLanguage":"de"},{"@type":"Organization","@id":"https:\/\/www.openmusicschool.de\/lp\/#organization","name":"OpenMusicSchool","url":"https:\/\/www.openmusicschool.de\/lp\/","logo":{"@type":"ImageObject","inLanguage":"de","@id":"https:\/\/www.openmusicschool.de\/lp\/#\/schema\/logo\/image\/","url":"https:\/\/www.openmusicschool.de\/lp\/wp-content\/uploads\/2017\/06\/logo.png","contentUrl":"https:\/\/www.openmusicschool.de\/lp\/wp-content\/uploads\/2017\/06\/logo.png","width":228,"height":50,"caption":"OpenMusicSchool"},"image":{"@id":"https:\/\/www.openmusicschool.de\/lp\/#\/schema\/logo\/image\/"},"sameAs":["https:\/\/www.facebook.com\/OpenMusicSchool\/","https:\/\/x.com\/OpenMusicSchool"]}]}},"_links":{"self":[{"href":"https:\/\/www.openmusicschool.de\/lp\/wp-json\/wp\/v2\/pages\/242895","targetHints":{"allow":["GET"]}}],"collection":[{"href":"https:\/\/www.openmusicschool.de\/lp\/wp-json\/wp\/v2\/pages"}],"about":[{"href":"https:\/\/www.openmusicschool.de\/lp\/wp-json\/wp\/v2\/types\/page"}],"author":[{"embeddable":true,"href":"https:\/\/www.openmusicschool.de\/lp\/wp-json\/wp\/v2\/users\/7"}],"replies":[{"embeddable":true,"href":"https:\/\/www.openmusicschool.de\/lp\/wp-json\/wp\/v2\/comments?post=242895"}],"version-history":[{"count":0,"href":"https:\/\/www.openmusicschool.de\/lp\/wp-json\/wp\/v2\/pages\/242895\/revisions"}],"wp:attachment":[{"href":"https:\/\/www.openmusicschool.de\/lp\/wp-json\/wp\/v2\/media?parent=242895"}],"wp:term":[{"taxonomy":"category","embeddable":true,"href":"https:\/\/www.openmusicschool.de\/lp\/wp-json\/wp\/v2\/categories?post=242895"},{"taxonomy":"post_tag","embeddable":true,"href":"https:\/\/www.openmusicschool.de\/lp\/wp-json\/wp\/v2\/tags?post=242895"}],"curies":[{"name":"wp","href":"https:\/\/api.w.org\/{rel}","templated":true}]}}